{"id":75,"date":"2018-05-02T11:07:49","date_gmt":"2018-05-02T14:07:49","guid":{"rendered":"https:\/\/divisi.com.br\/?page_id=75"},"modified":"2020-10-21T20:24:55","modified_gmt":"2020-10-21T22:24:55","slug":"homepage","status":"publish","type":"page","link":"https:\/\/divisi.com.br\/es\/","title":{"rendered":"Homepage (Espa\u00f1ol)"},"content":{"rendered":"<div class=\"wpb-content-wrapper\"><p>[vc_row css_animation=\u00bb\u00bb row_type=\u00bbrow\u00bb use_row_as_full_screen_section=\u00bbno\u00bb type=\u00bbfull_width\u00bb anchor=\u00bbservicos\u00bb angled_section=\u00bbno\u00bb text_align=\u00bbleft\u00bb background_image=\u00bb20&#8243; background_image_as_pattern=\u00bbwithout_pattern\u00bb el_class=\u00bbsection-services\u00bb css=\u00bb.vc_custom_1503693241059{padding-top: 50px !important;padding-bottom: 50px !important;}\u00bb][vc_column][vc_column_text css=\u00bb.vc_custom_1503690629661{padding-bottom: 20px !important;}\u00bb]<\/p>\n<h2 style=\"text-align: center;\">Servicios<\/h2>\n<p>[\/vc_column_text][vc_row_inner row_type=\u00bbrow\u00bb type=\u00bbgrid\u00bb text_align=\u00bbleft\u00bb css_animation=\u00bb\u00bb][vc_column_inner width=\u00bb1\/4&#8243;]<span data-type=\"circle\" data-hover-bg-color=\"#3b77a5\" data-hover-icon-color=\"#f4f4f4\" class=\"qode_icon_shortcode fa-stack q_font_awsome_icon_stack fa-3x  \" style=\" \"><i class=\"fa fa-circle fa-stack-base fa-stack-2x\" style=\"color: #5a85a5;\"><\/i><i class=\"qode_icon_font_awesome fa fa-share qode_icon_element fa-stack-1x\" style=\"color: #ffffff;\" ><\/i><\/span>[vc_empty_space height=\u00bb25px\u00bb][vc_column_text]<\/p>\n<h4 style=\"text-align: left;\">Exportar<\/h4>\n<p>[\/vc_column_text][vc_empty_space height=\u00bb14px\u00bb][vc_column_text]La exportaci\u00f3n es una excelente opci\u00f3n para las empresas que buscan expandir su base de clientes. Nuestros servicios van desde prepararse para convertirse en exportador hasta la llegada del producto al cliente final.[\/vc_column_text][\/vc_column_inner][vc_column_inner width=\u00bb1\/4&#8243;]<span data-type=\"circle\" data-hover-bg-color=\"#3b77a5\" data-hover-icon-color=\"#f4f4f4\" class=\"qode_icon_shortcode fa-stack q_font_awsome_icon_stack fa-3x  \" style=\" \"><i class=\"fa fa-circle fa-stack-base fa-stack-2x\" style=\"color: #5a85a5;\"><\/i><i class=\"qode_icon_font_awesome fa fa-reply qode_icon_element fa-stack-1x\" style=\"color: #ffffff;\" ><\/i><\/span>[vc_empty_space height=\u00bb25px\u00bb][vc_column_text]<\/p>\n<h4 style=\"text-align: left;\">Importar<\/h4>\n<p>[\/vc_column_text][vc_empty_space height=\u00bb14px\u00bb][vc_column_text]Con Divisi, el seguimiento de las importaciones se realiza desde el origen hasta la f\u00e1brica. Nuestro equipo eval\u00faa todos los procedimientos, buscando la optimizaci\u00f3n de los procesos y los beneficios del gobierno para garantizar una mayor econom\u00eda.[\/vc_column_text][\/vc_column_inner][vc_column_inner width=\u00bb1\/4&#8243;]<span data-type=\"circle\" data-hover-bg-color=\"#3b77a5\" data-hover-icon-color=\"#f4f4f4\" class=\"qode_icon_shortcode fa-stack q_font_awsome_icon_stack fa-3x  \" style=\" \"><i class=\"fa fa-circle fa-stack-base fa-stack-2x\" style=\"color: #5a85a5;\"><\/i><i class=\"qode_icon_font_awesome fa fa-exchange qode_icon_element fa-stack-1x\" style=\"color: #ffffff;\" ><\/i><\/span>[vc_empty_space height=\u00bb25px\u00bb][vc_column_text]<\/p>\n<h4 style=\"text-align: left;\">Drawback<\/h4>\n<p>[\/vc_column_text][vc_empty_space height=\u00bb14px\u00bb][vc_column_text]Regime Especial de\u00a0Drawback\u00a0es una reducci\u00f3n de costos alternativa para los exportadores. Es una gran opci\u00f3n para las empresas que desean optimizar los costos de los productos destinados a la exportaci\u00f3n.[\/vc_column_text][\/vc_column_inner][vc_column_inner width=\u00bb1\/4&#8243;]<span data-type=\"circle\" data-hover-bg-color=\"#3b77a5\" data-hover-icon-color=\"#f4f4f4\" class=\"qode_icon_shortcode fa-stack q_font_awsome_icon_stack fa-3x  \" style=\" \"><i class=\"fa fa-circle fa-stack-base fa-stack-2x\" style=\"color: #5a85a5;\"><\/i><i class=\"qode_icon_font_awesome fa fa-users qode_icon_element fa-stack-1x\" style=\"color: #ffffff;\" ><\/i><\/span>[vc_empty_space height=\u00bb25px\u00bb][vc_column_text]<\/p>\n<h4 style=\"text-align: left;\">Representaci\u00f3n Comercial<\/h4>\n<p>[\/vc_column_text][vc_empty_space height=\u00bb14px\u00bb][vc_column_text]Divisi a trav\u00e9s de sus contactos internacionales puede actuar como un agente internacional de compras y ventas para aprovechar su negocio. Asistimos en mercados de investigaci\u00f3n y prospecci\u00f3n y en la formaci\u00f3n del precio de venta de exportaci\u00f3n.[\/vc_column_text][\/vc_column_inner][\/vc_row_inner][vc_empty_space height=\u00bb25px\u00bb][vc_row_inner row_type=\u00bbrow\u00bb type=\u00bbgrid\u00bb text_align=\u00bbleft\u00bb css_animation=\u00bb\u00bb][vc_column_inner width=\u00bb1\/4&#8243;]<span data-type=\"circle\" data-hover-bg-color=\"#3b77a5\" data-hover-icon-color=\"#f4f4f4\" class=\"qode_icon_shortcode fa-stack q_font_awsome_icon_stack fa-3x  \" style=\" \"><i class=\"fa fa-circle fa-stack-base fa-stack-2x\" style=\"color: #5a85a5;\"><\/i><i class=\"qode_icon_font_awesome fa fa-check-square-o qode_icon_element fa-stack-1x\" style=\"color: #ffffff;\" ><\/i><\/span>[vc_empty_space height=\u00bb25px\u00bb][vc_column_text]<\/p>\n<h4 style=\"text-align: left;\">Desembarco<\/h4>\n<p>[\/vc_column_text][vc_empty_space height=\u00bb14px\u00bb][vc_column_text]El despacho de aduanas requiere responsabilidad, eficiencia y transparencia. Trabajamos con nuestros propios despachadores diarios capacitados y actualizados para responder r\u00e1pidamente a los procedimientos requeridos para el despacho de aduana de los bienes.[\/vc_column_text][\/vc_column_inner][vc_column_inner width=\u00bb1\/4&#8243;]<span data-type=\"circle\" data-hover-bg-color=\"#3b77a5\" data-hover-icon-color=\"#f4f4f4\" class=\"qode_icon_shortcode fa-stack q_font_awsome_icon_stack fa-3x  \" style=\" \"><i class=\"fa fa-circle fa-stack-base fa-stack-2x\" style=\"color: #5a85a5;\"><\/i><i class=\"qode_icon_font_awesome fa fa-file-text-o qode_icon_element fa-stack-1x\" style=\"color: #ffffff;\" ><\/i><\/span>[vc_empty_space height=\u00bb25px\u00bb][vc_column_text]<\/p>\n<h4 style=\"text-align: left;\">Seguro<\/h4>\n<p>[\/vc_column_text][vc_empty_space height=\u00bb14px\u00bb][vc_column_text]El transporte internacional de mercanc\u00edas puede ofrecer varios riesgos y puede generar da\u00f1os irreparables. Tenemos una p\u00f3liza de seguro de carga, que brinda mayor tranquilidad al proceso con bajos costos para nuestros clientes.[\/vc_column_text][\/vc_column_inner][vc_column_inner width=\u00bb1\/4&#8243;]<span data-type=\"circle\" data-hover-bg-color=\"#3b77a5\" data-hover-icon-color=\"#f4f4f4\" class=\"qode_icon_shortcode fa-stack q_font_awsome_icon_stack fa-3x  \" style=\" \"><i class=\"fa fa-circle fa-stack-base fa-stack-2x\" style=\"color: #5a85a5;\"><\/i><i class=\"qode_icon_font_awesome fa fa-plane qode_icon_element fa-stack-1x\" style=\"color: #ffffff;\" ><\/i><\/span>[vc_empty_space height=\u00bb25px\u00bb][vc_column_text]<\/p>\n<h4 style=\"text-align: left;\">Agencia<\/h4>\n<p>[\/vc_column_text][vc_empty_space height=\u00bb14px\u00bb][vc_column_text]Estamos buscando con nuestros socios el mejor valor para el dinero en el freelance internacional. Con la planificaci\u00f3n de la log\u00edstica para el transporte internacional, el cargo de consolidaci\u00f3n, la custodia, la manipulaci\u00f3n de la mercanc\u00eda, hasta la distribuci\u00f3n de la mercanc\u00eda en el pa\u00eds de destino.[\/vc_column_text][\/vc_column_inner][vc_column_inner width=\u00bb1\/4&#8243;]<span data-type=\"circle\" data-hover-bg-color=\"#3b77a5\" data-hover-icon-color=\"#f4f4f4\" class=\"qode_icon_shortcode fa-stack q_font_awsome_icon_stack fa-3x  \" style=\" \"><i class=\"fa fa-circle fa-stack-base fa-stack-2x\" style=\"color: #5a85a5;\"><\/i><i class=\"qode_icon_font_awesome fa fa-cogs qode_icon_element fa-stack-1x\" style=\"color: #ffffff;\" ><\/i><\/span>[vc_empty_space height=\u00bb25px\u00bb][vc_column_text]<\/p>\n<h4 style=\"text-align: left;\">Proyectos Especiales<\/h4>\n<p>[\/vc_column_text][vc_empty_space height=\u00bb14px\u00bb][vc_column_text]El beneficio de la ex-arancel permite a las compa\u00f1\u00edas a reducir las reducciones de precios en las importaciones de capital para la producci\u00f3n de bienes de capital o la producci\u00f3n, la inform\u00e1tica y las telecomunicaciones no producidas en el campo.[\/vc_column_text][\/vc_column_inner][\/vc_row_inner][vc_row_inner row_type=\u00bbrow\u00bb type=\u00bbfull_width\u00bb text_align=\u00bbleft\u00bb css_animation=\u00bb\u00bb][vc_column_inner el_class=\u00bbcontact-us-btn-wrapper\u00bb][vc_empty_space height=\u00bb30px\u00bb]<a  itemprop=\"url\" href=\"#contacto\" target=\"_self\"  class=\"qbutton  default\" style=\"\">Cont\u00e1ctenos!<i class=\"qode_icon_font_awesome fa fa-comments-o qode_button_icon_element\" style=\"\" ><\/i><\/a>[\/vc_column_inner][\/vc_row_inner][\/vc_column][\/vc_row][vc_row css_animation=\u00bb\u00bb row_type=\u00bbrow\u00bb use_row_as_full_screen_section=\u00bbno\u00bb type=\u00bbgrid\u00bb angled_section=\u00bbno\u00bb text_align=\u00bbleft\u00bb background_image_as_pattern=\u00bbwithout_pattern\u00bb background_color=\u00bb#efefef\u00bb][vc_column]<div id=\"open-exchange-rates\" class=\"vc_row wpb_row\"><div class=\"wpb_column vc_column_container vc_col-sm-3 date\">Cota\u00e7\u00f5es em 23\/04\/2026<br><small>Fonte: openexchangerates.org<\/small><\/div><div class=\"wpb_column vc_column_container vc_col-sm-3 usd\"><strong>D\u00f3lar <small>(USD)<\/small><\/strong><br>R$ 4,9866<\/div><div class=\"wpb_column vc_column_container vc_col-sm-3 eur\"><strong>Euro <small>(EUR)<\/small><\/strong><br>R$ 5,8344<\/div><div class=\"wpb_column vc_column_container vc_col-sm-3 gbp\"><strong>Libra <small>(GBP)<\/small><\/strong><br>R$ 6,7272<\/div><\/div>[\/vc_column][\/vc_row][vc_row css_animation=\u00bb\u00bb row_type=\u00bbrow\u00bb use_row_as_full_screen_section=\u00bbno\u00bb type=\u00bbgrid\u00bb anchor=\u00bbempresa\u00bb angled_section=\u00bbno\u00bb text_align=\u00bbleft\u00bb background_image_as_pattern=\u00bbwithout_pattern\u00bb background_color=\u00bb#ffffff\u00bb css=\u00bb.vc_custom_1504102809961{padding-top: 50px !important;padding-bottom: 50px !important;}\u00bb el_class=\u00bbsection-company\u00bb][vc_column][vc_column_text css=\u00bb.vc_custom_1500657229052{padding-bottom: 20px !important;}\u00bb]<\/p>\n<h2 style=\"text-align: center;\">Negocios<\/h2>\n<p>[\/vc_column_text][vc_row_inner row_type=\u00bbrow\u00bb type=\u00bbgrid\u00bb text_align=\u00bbleft\u00bb css_animation=\u00bb\u00bb][vc_column_inner width=\u00bb1\/2&#8243;][vc_single_image image=\u00bb40&#8243; img_size=\u00bbfull\u00bb qode_css_animation=\u00bb\u00bb][\/vc_column_inner][vc_column_inner width=\u00bb1\/2&#8243;][vc_empty_space height=\u00bb25px\u00bb][vc_column_text]Desde 2003, actuamos con compromiso y transparencia, asesorando a los clientes en la b\u00fasqueda de la excelencia en sus negocios. Experimentado en las aduanas brasile\u00f1as y en el exterior, buscando siempre la mejor relaci\u00f3n costo-beneficio para la buena gesti\u00f3n de las operaciones de Comercio Exterior.<\/p>\n<p>Contamos con sistemas modulares personalizados y personal calificado para enfrentar los desaf\u00edos que requiere el negocio internacional.<\/p>\n<p>\u201cNuestra misi\u00f3n es asesorar a empresas y particulares para que logren competitividad en sus mercados.\u201d Para ello, es esencial analizar variables log\u00edsticas, culturales, aduaneras y de otro tipo.[\/vc_column_text][\/vc_column_inner][\/vc_row_inner][\/vc_column][\/vc_row][vc_row css_animation=\u00bb\u00bb row_type=\u00bbrow\u00bb use_row_as_full_screen_section=\u00bbno\u00bb type=\u00bbgrid\u00bb angled_section=\u00bbno\u00bb text_align=\u00bbleft\u00bb background_image_as_pattern=\u00bbwithout_pattern\u00bb background_color=\u00bb#ffffff\u00bb css=\u00bb.vc_custom_1508522912609{padding-top: 50px !important;padding-bottom: 50px !important;}\u00bb el_class=\u00bbsection-company\u00bb][vc_column][vc_column_text css=\u00bb.vc_custom_1504104392742{padding-bottom: 20px !important;}\u00bb]<\/p>\n<h2 style=\"text-align: center;\">Dion\u00e9ia Garcia Simon<\/h2>\n<p>[\/vc_column_text][vc_empty_space height=\u00bb20px\u00bb][vc_row_inner row_type=\u00bbrow\u00bb type=\u00bbfull_width\u00bb text_align=\u00bbleft\u00bb css_animation=\u00bb\u00bb][vc_column_inner width=\u00bb1\/2&#8243;][vc_single_image image=\u00bb45&#8243; img_size=\u00bb340&#215;340&#8243; alignment=\u00bbcenter\u00bb style=\u00bbvc_box_circle_2&#8243; qode_css_animation=\u00bb\u00bb][\/vc_column_inner][vc_column_inner width=\u00bb1\/2&#8243;][vc_column_text]\u201cActuar en Comercio Exterior es un desaf\u00edo diario, la din\u00e1mica de esta \u00e1rea requiere compromiso, proactividad y actualizaci\u00f3n continua. Acompa\u00f1ar, guiar al cliente para cumplir con las normas de la legislaci\u00f3n brasile\u00f1a o extranjera fue la forma en que encontr\u00e9 para contribuir al comercio entre los pueblos.\u201d<\/p>\n<p>Administraci\u00f3n de Empresas con \u00e9nfasis en Comercio Exterior, MBA en Administraci\u00f3n de Empresas, MBA en Gesti\u00f3n Estrat\u00e9gica de Servicios, Agente de Aduanas, Profesor, Consultor.<\/p>\n<p>Al frente de Divisi, dirige y dirige las operaciones, asesora a las empresas en las rutinas de comercio exterior, ayuda a optimizar los costos, la log\u00edstica y un mejor uso de los incentivos y beneficios del gobierno.[\/vc_column_text][\/vc_column_inner][\/vc_row_inner][\/vc_column][\/vc_row][vc_row css_animation=\u00bb\u00bb row_type=\u00bbrow\u00bb use_row_as_full_screen_section=\u00bbno\u00bb type=\u00bbgrid\u00bb anchor=\u00bbcontato\u00bb angled_section=\u00bbno\u00bb text_align=\u00bbright\u00bb background_image_as_pattern=\u00bbwithout_pattern\u00bb css=\u00bb.vc_custom_1508344595211{padding-top: 37px !important;padding-bottom: 37px !important;background-color: #ffffff !important;}\u00bb el_class=\u00bbsection-contact\u00bb][vc_column][vc_column_text css=\u00bb.vc_custom_1500664380187{padding-bottom: 20px !important;}\u00bb]<\/p>\n<h2 style=\"text-align: center;\">Contacto<\/h2>\n<p>[\/vc_column_text][vc_row_inner row_type=\u00bbrow\u00bb type=\u00bbgrid\u00bb text_align=\u00bbleft\u00bb css_animation=\u00bb\u00bb][vc_column_inner width=\u00bb2\/3&#8243;][vc_raw_html]W2V2ZXJlc3RfZm9ybSBpZD0iMTE2Il0=[\/vc_raw_html][\/vc_column_inner][vc_column_inner el_class=\u00bbcontact-info\u00bb width=\u00bb1\/3&#8243;]<div class=\"q_icon_list\"><i class=\"qode_icon_font_awesome fa fa-mobile qode-ili-icon-holder circle\" style=\"font-size: 24pxpx;color: #ffffff;background-color: #5a85a5;border-color:#5a85a5;border-style:solid;border-width:1px;\" ><\/i><p style=\"\">+ 55 51 3331 2521<\/p><\/div><div class=\"q_icon_list\"><i class=\"qode_icon_font_awesome fa fa-envelope-o qode-ili-icon-holder circle\" style=\"font-size: 24pxpx;color: #ffffff;background-color: #5a85a5;border-color:#5a85a5;border-style:solid;border-width:1px;\" ><\/i><p style=\"\">divisi@divisi.com.br<\/p><\/div><div class=\"q_icon_list\"><i class=\"qode_icon_font_awesome fa fa-map-marker qode-ili-icon-holder circle\" style=\"font-size: 24pxpx;color: #ffffff;background-color: #5a85a5;border-color:#5a85a5;border-style:solid;border-width:1px;\" ><\/i><p style=\"\">Av. Igua\u00e7u, 507 sala 402 Porto Alegre RS 90470-430<\/p><\/div>[vc_gmaps link=\u00bb#E-8_JTNDaWZyYW1lJTIwc3JjJTNEJTIyaHR0cHMlM0ElMkYlMkZ3d3cuZ29vZ2xlLmNvbSUyRm1hcHMlMkZlbWJlZCUzRnBiJTNEJTIxMW0xOCUyMTFtMTIlMjExbTMlMjExZDM0NTMuOTQ2NjQzMDUwNzY5JTIxMmQtNTEuMTc4NTYxNzQ5NjUxMTUlMjEzZC0zMC4wMzgzODg1ODE3OTU1NSUyMTJtMyUyMTFmMCUyMTJmMCUyMTNmMCUyMTNtMiUyMTFpMTAyNCUyMTJpNzY4JTIxNGYxMy4xJTIxM20zJTIxMW0yJTIxMXMweDk1MTk3NzhiY2RlMDg0NzUlMjUzQTB4N2E2NjEzNGNlNTMzZGYxMiUyMTJzQXYuJTJCSWd1YSUyNUMzJTI1QTd1JTI1MkMlMkI1MDclMkItJTJCUGV0ciUyNUMzJTI1QjNwb2xpcyUyNTJDJTJCUG9ydG8lMkJBbGVncmUlMkItJTJCUlMlMjUyQyUyQjkwNDcwLTQzMCUyMTVlMCUyMTNtMiUyMTFzZW4lMjEyc2JyJTIxNHYxNTAwNjY1MDI4ODA2JTIyJTIwd2lkdGglM0QlMjIzNzAlMjIlMjBoZWlnaHQlM0QlMjIxNTAlMjIlMjBmcmFtZWJvcmRlciUzRCUyMjAlMjIlMjBzdHlsZSUzRCUyMmJvcmRlciUzQTAlMjIlM0UlM0MlMkZpZnJhbWUlM0U=\u00bb][\/vc_column_inner][\/vc_row_inner][\/vc_column][\/vc_row]<\/p>\n<\/div>","protected":false},"excerpt":{"rendered":"<p>[vc_row css_animation=\u00bb\u00bb row_type=\u00bbrow\u00bb use_row_as_full_screen_section=\u00bbno\u00bb type=\u00bbfull_width\u00bb anchor=\u00bbservicos\u00bb angled_section=\u00bbno\u00bb text_align=\u00bbleft\u00bb background_image=\u00bb20&#8243; background_image_as_pattern=\u00bbwithout_pattern\u00bb el_class=\u00bbsection-services\u00bb css=\u00bb.vc_custom_1503693241059{padding-top: 50px !important;padding-bottom: 50px !important;}\u00bb][vc_column][vc_column_text css=\u00bb.vc_custom_1503690629661{padding-bottom: 20px !important;}\u00bb] Servicios [\/vc_column_text][vc_row_inner row_type=\u00bbrow\u00bb type=\u00bbgrid\u00bb text_align=\u00bbleft\u00bb css_animation=\u00bb\u00bb][vc_column_inner width=\u00bb1\/4&#8243;][vc_empty_space height=\u00bb25px\u00bb][vc_column_text] Exportar [\/vc_column_text][vc_empty_space height=\u00bb14px\u00bb][vc_column_text]La exportaci\u00f3n es una excelente opci\u00f3n para las empresas que buscan expandir su base de clientes&#8230;.<\/p>\n","protected":false},"author":2,"featured_media":0,"parent":0,"menu_order":0,"comment_status":"closed","ping_status":"closed","template":"full_width.php","meta":{"footnotes":""},"class_list":["post-75","page","type-page","status-publish","hentry"],"jetpack_sharing_enabled":true,"jetpack_shortlink":"https:\/\/wp.me\/PanUiE-1d","_links":{"self":[{"href":"https:\/\/divisi.com.br\/es\/wp-json\/wp\/v2\/pages\/75","targetHints":{"allow":["GET"]}}],"collection":[{"href":"https:\/\/divisi.com.br\/es\/wp-json\/wp\/v2\/pages"}],"about":[{"href":"https:\/\/divisi.com.br\/es\/wp-json\/wp\/v2\/types\/page"}],"author":[{"embeddable":true,"href":"https:\/\/divisi.com.br\/es\/wp-json\/wp\/v2\/users\/2"}],"replies":[{"embeddable":true,"href":"https:\/\/divisi.com.br\/es\/wp-json\/wp\/v2\/comments?post=75"}],"version-history":[{"count":0,"href":"https:\/\/divisi.com.br\/es\/wp-json\/wp\/v2\/pages\/75\/revisions"}],"wp:attachment":[{"href":"https:\/\/divisi.com.br\/es\/wp-json\/wp\/v2\/media?parent=75"}],"curies":[{"name":"wp","href":"https:\/\/api.w.org\/{rel}","templated":true}]}}